{"id":2,"date":"2025-04-05T21:11:53","date_gmt":"2025-04-06T00:11:53","guid":{"rendered":"http:\/\/192.168.15.9:8567\/?page_id=2"},"modified":"2025-05-03T22:02:22","modified_gmt":"2025-05-04T01:02:22","slug":"pagina-exemplo","status":"publish","type":"page","link":"https:\/\/higiquick.com.br\/?page_id=2","title":{"rendered":"Nossos servi\u00e7os"},"content":{"rendered":"\n<p><strong>Nossos Servi\u00e7os:<\/strong><\/p>\n\n\n\n<div class=\"wp-block-columns is-layout-flex wp-container-core-columns-is-layout-28f84493 wp-block-columns-is-layout-flex\">\n<div class=\"wp-block-column is-layout-flow wp-block-column-is-layout-flow\">\n<figure class=\"wp-block-gallery has-nested-images columns-default is-cropped wp-block-gallery-1 is-layout-flex wp-block-gallery-is-layout-flex\">\n<figure class=\"wp-block-image size-full\"><img fetchpriority=\"high\" decoding=\"async\" width=\"500\" height=\"500\" data-id=\"237\" src=\"http:\/\/higiquick.com.br\/wp-content\/uploads\/2025\/04\/Copia-de-Logo-1.png\" alt=\"\" class=\"wp-image-237\" srcset=\"https:\/\/higiquick.com.br\/wp-content\/uploads\/2025\/04\/Copia-de-Logo-1.png 500w, https:\/\/higiquick.com.br\/wp-content\/uploads\/2025\/04\/Copia-de-Logo-1-300x300.png 300w, https:\/\/higiquick.com.br\/wp-content\/uploads\/2025\/04\/Copia-de-Logo-1-150x150.png 150w\" sizes=\"(max-width: 500px) 100vw, 500px\" \/><\/figure>\n<\/figure>\n\n\n\n<p class=\"has-text-align-left\" style=\"font-size:clamp(14px, 0.875rem + ((1vw - 3.2px) * 0.392), 18px);\"><strong>Higieniza\u00e7\u00e3o de estofados:<\/strong> Limpeza profunda de sof\u00e1s, cadeiras, poltronas e outros estofados, utilizando t\u00e9cnicas modernas e seguras. Removendo manchas e \u00e1caros. Deixando o ambiente mais limpo e agrad\u00e1vel. <\/p>\n<\/div>\n\n\n\n<div class=\"wp-block-column is-layout-flow wp-block-column-is-layout-flow\">\n<figure class=\"wp-block-gallery has-nested-images columns-default is-cropped wp-block-gallery-2 is-layout-flex wp-block-gallery-is-layout-flex\">\n<figure class=\"wp-block-image size-full\"><img decoding=\"async\" width=\"500\" height=\"500\" data-id=\"239\" src=\"http:\/\/higiquick.com.br\/wp-content\/uploads\/2025\/04\/Copia-de-Logo-2.png\" alt=\"\" class=\"wp-image-239\" srcset=\"https:\/\/higiquick.com.br\/wp-content\/uploads\/2025\/04\/Copia-de-Logo-2.png 500w, https:\/\/higiquick.com.br\/wp-content\/uploads\/2025\/04\/Copia-de-Logo-2-300x300.png 300w, https:\/\/higiquick.com.br\/wp-content\/uploads\/2025\/04\/Copia-de-Logo-2-150x150.png 150w\" sizes=\"(max-width: 500px) 100vw, 500px\" \/><\/figure>\n<\/figure>\n\n\n\n<p class=\"has-text-align-left\" style=\"font-size:clamp(14px, 0.875rem + ((1vw - 3.2px) * 0.392), 18px);\"><strong>Impermeabiliza\u00e7\u00e3o:<\/strong> Prote\u00e7\u00e3o contra l\u00edquidos e sujeiras, preservando o estado do estofado e facilitando a manuten\u00e7\u00e3o di\u00e1ria. Usamos produto n\u00e3o inflam\u00e1vel e de baixo impacto ecol\u00f3gico.<\/p>\n<\/div>\n\n\n\n<div class=\"wp-block-column is-layout-flow wp-block-column-is-layout-flow\">\n<figure class=\"wp-block-image size-large\"><img decoding=\"async\" width=\"1024\" height=\"1024\" src=\"http:\/\/higiquick.com.br\/wp-content\/uploads\/2025\/04\/Post-e-Story-Higi-Quick-1024x1024.png\" alt=\"\" class=\"wp-image-245\" srcset=\"https:\/\/higiquick.com.br\/wp-content\/uploads\/2025\/04\/Post-e-Story-Higi-Quick-1024x1024.png 1024w, https:\/\/higiquick.com.br\/wp-content\/uploads\/2025\/04\/Post-e-Story-Higi-Quick-300x300.png 300w, https:\/\/higiquick.com.br\/wp-content\/uploads\/2025\/04\/Post-e-Story-Higi-Quick-150x150.png 150w, https:\/\/higiquick.com.br\/wp-content\/uploads\/2025\/04\/Post-e-Story-Higi-Quick-768x768.png 768w, https:\/\/higiquick.com.br\/wp-content\/uploads\/2025\/04\/Post-e-Story-Higi-Quick.png 1080w\" sizes=\"(max-width: 1024px) 100vw, 1024px\" \/><\/figure>\n\n\n\n<p class=\"has-text-align-left\" style=\"font-size:clamp(14px, 0.875rem + ((1vw - 3.2px) * 0.392), 18px);\"><strong>Higieniza\u00e7\u00e3o de colch\u00f5es<\/strong>: Essencial para um sono sa\u00fadavel e de qualidade, a higieniza\u00e7\u00e3o remove \u00e1caros, poeira e alergenos que podem causar problemas respirat\u00f3rios e al\u00e9rgicos.<\/p>\n<\/div>\n<\/div>\n\n\n\n<div class=\"wp-block-columns is-layout-flex wp-container-core-columns-is-layout-28f84493 wp-block-columns-is-layout-flex\">\n<div class=\"wp-block-column is-layout-flow wp-block-column-is-layout-flow\">\n<figure class=\"wp-block-image size-large\"><img loading=\"lazy\" decoding=\"async\" width=\"1024\" height=\"1024\" src=\"http:\/\/higiquick.com.br\/wp-content\/uploads\/2025\/04\/Automotivo-1024x1024.png\" alt=\"\" class=\"wp-image-233\" srcset=\"https:\/\/higiquick.com.br\/wp-content\/uploads\/2025\/04\/Automotivo-1024x1024.png 1024w, https:\/\/higiquick.com.br\/wp-content\/uploads\/2025\/04\/Automotivo-300x300.png 300w, https:\/\/higiquick.com.br\/wp-content\/uploads\/2025\/04\/Automotivo-150x150.png 150w, https:\/\/higiquick.com.br\/wp-content\/uploads\/2025\/04\/Automotivo-768x768.png 768w, https:\/\/higiquick.com.br\/wp-content\/uploads\/2025\/04\/Automotivo.png 1080w\" sizes=\"(max-width: 1024px) 100vw, 1024px\" \/><\/figure>\n\n\n\n<p style=\"font-size:clamp(14px, 0.875rem + ((1vw - 3.2px) * 0.392), 18px);\"><strong>Higieniza\u00e7\u00e3o de estofados automotivos:<\/strong> Garantindo que seu ve\u00edculo esteja sempre limpo, livre de impurezas e com um ambiente agrad\u00e1vel para dirigir.<\/p>\n<\/div>\n\n\n\n<div class=\"wp-block-column is-layout-flow wp-block-column-is-layout-flow\">\n<figure class=\"wp-block-image size-large\"><img loading=\"lazy\" decoding=\"async\" width=\"1024\" height=\"1024\" src=\"http:\/\/higiquick.com.br\/wp-content\/uploads\/2025\/04\/Carrinho-de-bebe-1024x1024.png\" alt=\"\" class=\"wp-image-235\" srcset=\"https:\/\/higiquick.com.br\/wp-content\/uploads\/2025\/04\/Carrinho-de-bebe-1024x1024.png 1024w, https:\/\/higiquick.com.br\/wp-content\/uploads\/2025\/04\/Carrinho-de-bebe-300x300.png 300w, https:\/\/higiquick.com.br\/wp-content\/uploads\/2025\/04\/Carrinho-de-bebe-150x150.png 150w, https:\/\/higiquick.com.br\/wp-content\/uploads\/2025\/04\/Carrinho-de-bebe-768x768.png 768w, https:\/\/higiquick.com.br\/wp-content\/uploads\/2025\/04\/Carrinho-de-bebe.png 1080w\" sizes=\"(max-width: 1024px) 100vw, 1024px\" \/><\/figure>\n\n\n\n<p style=\"font-size:clamp(14px, 0.875rem + ((1vw - 3.2px) * 0.392), 18px);\"><strong>Higieniza\u00e7\u00e3o de carrinhos de beb\u00ea e beb\u00ea conforto:<\/strong> Limpeza cuidadosa e eficaz, eliminando sujeiras, germes e odores, garantindo um ambiente seguro e saud\u00e1vel para o seu beb\u00ea.<\/p>\n<\/div>\n\n\n\n<div class=\"wp-block-column is-layout-flow wp-block-column-is-layout-flow\">\n<figure class=\"wp-block-image size-full\"><img loading=\"lazy\" decoding=\"async\" width=\"500\" height=\"500\" src=\"http:\/\/higiquick.com.br\/wp-content\/uploads\/2025\/04\/Copia-de-Logo-1-1.png\" alt=\"\" class=\"wp-image-238\" srcset=\"https:\/\/higiquick.com.br\/wp-content\/uploads\/2025\/04\/Copia-de-Logo-1-1.png 500w, https:\/\/higiquick.com.br\/wp-content\/uploads\/2025\/04\/Copia-de-Logo-1-1-300x300.png 300w, https:\/\/higiquick.com.br\/wp-content\/uploads\/2025\/04\/Copia-de-Logo-1-1-150x150.png 150w\" sizes=\"(max-width: 500px) 100vw, 500px\" \/><\/figure>\n\n\n\n<p style=\"font-size:clamp(14px, 0.875rem + ((1vw - 3.2px) * 0.392), 18px);\"><strong>Preserva\u00e7\u00e3o e cuidado com seu estofado de couro:<\/strong> Nosso tratamento exclusivo revitaliza o couro, mantendo-o hidratado, macio e com apar\u00eancia de novo.<\/p>\n<\/div>\n<\/div>\n\n\n\n<div class=\"wp-block-columns is-layout-flex wp-container-core-columns-is-layout-28f84493 wp-block-columns-is-layout-flex\">\n<div class=\"wp-block-column is-layout-flow wp-block-column-is-layout-flow\">\n<figure class=\"wp-block-image size-large\"><img loading=\"lazy\" decoding=\"async\" width=\"1024\" height=\"1024\" src=\"http:\/\/higiquick.com.br\/wp-content\/uploads\/2025\/04\/Limpeza-Sofa-1024x1024.png\" alt=\"\" class=\"wp-image-244\" srcset=\"https:\/\/higiquick.com.br\/wp-content\/uploads\/2025\/04\/Limpeza-Sofa-1024x1024.png 1024w, https:\/\/higiquick.com.br\/wp-content\/uploads\/2025\/04\/Limpeza-Sofa-300x300.png 300w, https:\/\/higiquick.com.br\/wp-content\/uploads\/2025\/04\/Limpeza-Sofa-150x150.png 150w, https:\/\/higiquick.com.br\/wp-content\/uploads\/2025\/04\/Limpeza-Sofa-768x768.png 768w, https:\/\/higiquick.com.br\/wp-content\/uploads\/2025\/04\/Limpeza-Sofa.png 1080w\" sizes=\"(max-width: 1024px) 100vw, 1024px\" \/><\/figure>\n\n\n\n<p style=\"font-size:clamp(14px, 0.875rem + ((1vw - 3.2px) * 0.392), 18px);\"><strong>Remo\u00e7\u00e3o de pelos e urina:<\/strong> Nossa higieniza\u00e7\u00e3o profissional elimina pelos, manchas de urina, \u00e1caros, bact\u00e9rias e odores desagrad\u00e1veis. Seu pet tamb\u00e9m vai ficar mais feliz.<\/p>\n<\/div>\n\n\n\n<div class=\"wp-block-column is-layout-flow wp-block-column-is-layout-flow\"><\/div>\n\n\n\n<div class=\"wp-block-column is-layout-flow wp-block-column-is-layout-flow\"><\/div>\n<\/div>\n\n\n\n<p><\/p>\n","protected":false},"excerpt":{"rendered":"<p>Nossos Servi\u00e7os: Higieniza\u00e7\u00e3o de estofados: Limpeza profunda de sof\u00e1s, cadeiras, poltronas e outros estofados, utilizando t\u00e9cnicas modernas e seguras. Removendo manchas e \u00e1caros. Deixando o ambiente mais limpo e agrad\u00e1vel. Impermeabiliza\u00e7\u00e3o: Prote\u00e7\u00e3o contra l\u00edquidos e sujeiras, preservando o estado do estofado e facilitando a manuten\u00e7\u00e3o di\u00e1ria. Usamos produto n\u00e3o inflam\u00e1vel e de baixo impacto ecol\u00f3gico. [&hellip;]<\/p>\n","protected":false},"author":1,"featured_media":43,"parent":0,"menu_order":2,"comment_status":"closed","ping_status":"closed","template":"","meta":{"saved_in_kubio":true,"footnotes":""},"class_list":["post-2","page","type-page","status-publish","has-post-thumbnail","hentry"],"kubio_ai_page_context":{"short_desc":"","purpose":"general"},"_links":{"self":[{"href":"https:\/\/higiquick.com.br\/index.php?rest_route=\/wp\/v2\/pages\/2","targetHints":{"allow":["GET"]}}],"collection":[{"href":"https:\/\/higiquick.com.br\/index.php?rest_route=\/wp\/v2\/pages"}],"about":[{"href":"https:\/\/higiquick.com.br\/index.php?rest_route=\/wp\/v2\/types\/page"}],"author":[{"embeddable":true,"href":"https:\/\/higiquick.com.br\/index.php?rest_route=\/wp\/v2\/users\/1"}],"replies":[{"embeddable":true,"href":"https:\/\/higiquick.com.br\/index.php?rest_route=%2Fwp%2Fv2%2Fcomments&post=2"}],"version-history":[{"count":1,"href":"https:\/\/higiquick.com.br\/index.php?rest_route=\/wp\/v2\/pages\/2\/revisions"}],"predecessor-version":[{"id":434,"href":"https:\/\/higiquick.com.br\/index.php?rest_route=\/wp\/v2\/pages\/2\/revisions\/434"}],"wp:featuredmedia":[{"embeddable":true,"href":"https:\/\/higiquick.com.br\/index.php?rest_route=\/wp\/v2\/media\/43"}],"wp:attachment":[{"href":"https:\/\/higiquick.com.br\/index.php?rest_route=%2Fwp%2Fv2%2Fmedia&parent=2"}],"curies":[{"name":"wp","href":"https:\/\/api.w.org\/{rel}","templated":true}]}}