{"id":182,"date":"2025-04-21T15:40:53","date_gmt":"2025-04-21T18:40:53","guid":{"rendered":"http:\/\/192.168.15.9:8567\/front_page\/"},"modified":"2025-05-17T22:17:40","modified_gmt":"2025-05-18T01:17:40","slug":"front_page","status":"publish","type":"page","link":"https:\/\/higiquick.com.br\/","title":{"rendered":"In\u00edcio"},"content":{"rendered":"\t\t<div data-elementor-type=\"wp-page\" data-elementor-id=\"182\" class=\"elementor elementor-182\">\n\t\t\t\t<div class=\"elementor-element elementor-element-17da3ac4 e-flex e-con-boxed e-con e-parent\" data-id=\"17da3ac4\" data-element_type=\"container\">\n\t\t\t\t\t<div class=\"e-con-inner\">\n\t\t\t\t\t<\/div>\n\t\t\t\t<\/div>\n\t\t<div class=\"elementor-element elementor-element-ec90a1c e-flex e-con-boxed e-con e-parent\" data-id=\"ec90a1c\" data-element_type=\"container\">\n\t\t\t\t\t<div class=\"e-con-inner\">\n\t\t\t\t<div class=\"elementor-element elementor-element-cdafa73 elementor-widget elementor-widget-image\" data-id=\"cdafa73\" data-element_type=\"widget\" data-widget_type=\"image.default\">\n\t\t\t\t<div class=\"elementor-widget-container\">\n\t\t\t\t\t\t\t\t\t\t\t\t\t\t\t<img fetchpriority=\"high\" decoding=\"async\" width=\"1024\" height=\"726\" src=\"http:\/\/higiquick.com.br\/wp-content\/uploads\/2025\/04\/sofa-Abertura-1-1024x726.png\" class=\"attachment-large size-large wp-image-44\" alt=\"\" srcset=\"http:\/\/higiquick.com.br\/wp-content\/uploads\/2025\/04\/sofa-Abertura-1-1024x726.png 1024w, http:\/\/higiquick.com.br\/wp-content\/uploads\/2025\/04\/sofa-Abertura-1-300x213.png 300w, http:\/\/higiquick.com.br\/wp-content\/uploads\/2025\/04\/sofa-Abertura-1-768x545.png 768w, http:\/\/higiquick.com.br\/wp-content\/uploads\/2025\/04\/sofa-Abertura-1-1536x1090.png 1536w, http:\/\/higiquick.com.br\/wp-content\/uploads\/2025\/04\/sofa-Abertura-1-1522x1080.png 1522w, http:\/\/higiquick.com.br\/wp-content\/uploads\/2025\/04\/sofa-Abertura-1.png 1748w\" sizes=\"(max-width: 1024px) 100vw, 1024px\" \/>\t\t\t\t\t\t\t\t\t\t\t\t\t\t\t<\/div>\n\t\t\t\t<\/div>\n\t\t\t\t\t<\/div>\n\t\t\t\t<\/div>\n\t\t<div class=\"elementor-element elementor-element-2857fc4 e-con-full e-flex e-con e-parent\" data-id=\"2857fc4\" data-element_type=\"container\">\n\t\t\t\t<div class=\"elementor-element elementor-element-1eaf50c elementor-widget__width-inherit elementor-widget elementor-widget-text-editor\" data-id=\"1eaf50c\" data-element_type=\"widget\" data-widget_type=\"text-editor.default\">\n\t\t\t\t<div class=\"elementor-widget-container\">\n\t\t\t\t\t\t\t\t\t<p><br><br><br><br>Sobre a empresa<br><\/p>\n<p><\/p>\n<p><br>A Higi Quick \u00e9 uma empresa especializada em higieniza\u00e7\u00e3o e<br>impermeabiliza\u00e7\u00e3o de estofados em geral, oferecendo solu\u00e7\u00f5es pr\u00e1ticas e<br>eficientes para manter o seu ambiente sempre limpo e seguro. Com um<br>compromisso com a excel\u00eancia, a Higi Quick se destaca pelo atendimento<br>personalizado, focando nas necessidades espec\u00edficas de cada cliente para<br> garantir resultados excepcionais e a satisfa\u00e7\u00e3o total.<br>Nosso time de profissionais altamente qualificados utiliza equipamentos de \u00faltima<br>gera\u00e7\u00e3o e produtos de qualidade para proporcionar uma limpeza profunda e<br> a m\u00e1xima prote\u00e7\u00e3o para os seus estofados. Seja para a sua casa,<br>escrit\u00f3rio ou qualquer outro espa\u00e7o, trabalhamos com precis\u00e3o e cuidado<br>para renovar seus estofados, prolongando sua durabilidade e preservando o<br> seu aspecto original.<\/p>\t\t\t\t\t\t\t\t<\/div>\n\t\t\t\t<\/div>\n\t\t\t\t<\/div>\n\t\t\t\t<\/div>\n\t\t","protected":false},"excerpt":{"rendered":"<p>Sobre a empresa A Higi Quick \u00e9 uma empresa especializada em higieniza\u00e7\u00e3o eimpermeabiliza\u00e7\u00e3o de estofados em geral, oferecendo solu\u00e7\u00f5es pr\u00e1ticas eeficientes para manter o seu ambiente sempre limpo e seguro. Com umcompromisso com a excel\u00eancia, a Higi Quick se destaca pelo atendimentopersonalizado, focando nas necessidades espec\u00edficas de cada cliente para garantir resultados excepcionais e a [&hellip;]<\/p>\n","protected":false},"author":1,"featured_media":0,"parent":0,"menu_order":0,"comment_status":"closed","ping_status":"closed","template":"","meta":{"saved_in_kubio":true,"footnotes":""},"class_list":["post-182","page","type-page","status-publish","hentry"],"kubio_ai_page_context":{"short_desc":"","purpose":"general","isFrontPage":true},"_links":{"self":[{"href":"https:\/\/higiquick.com.br\/index.php?rest_route=\/wp\/v2\/pages\/182","targetHints":{"allow":["GET"]}}],"collection":[{"href":"https:\/\/higiquick.com.br\/index.php?rest_route=\/wp\/v2\/pages"}],"about":[{"href":"https:\/\/higiquick.com.br\/index.php?rest_route=\/wp\/v2\/types\/page"}],"author":[{"embeddable":true,"href":"https:\/\/higiquick.com.br\/index.php?rest_route=\/wp\/v2\/users\/1"}],"replies":[{"embeddable":true,"href":"https:\/\/higiquick.com.br\/index.php?rest_route=%2Fwp%2Fv2%2Fcomments&post=182"}],"version-history":[{"count":23,"href":"https:\/\/higiquick.com.br\/index.php?rest_route=\/wp\/v2\/pages\/182\/revisions"}],"predecessor-version":[{"id":475,"href":"https:\/\/higiquick.com.br\/index.php?rest_route=\/wp\/v2\/pages\/182\/revisions\/475"}],"wp:attachment":[{"href":"https:\/\/higiquick.com.br\/index.php?rest_route=%2Fwp%2Fv2%2Fmedia&parent=182"}],"curies":[{"name":"wp","href":"https:\/\/api.w.org\/{rel}","templated":true}]}}