{"id":16,"date":"2025-04-05T21:52:16","date_gmt":"2025-04-06T00:52:16","guid":{"rendered":"http:\/\/192.168.15.9:8567\/?page_id=16"},"modified":"2025-04-05T21:52:16","modified_gmt":"2025-04-06T00:52:16","slug":"sobre-a-higi-quick","status":"publish","type":"page","link":"https:\/\/higiquick.com.br\/?page_id=16","title":{"rendered":"Sobre a Higi Quick"},"content":{"rendered":"\n<p style=\"font-size:clamp(14px, 0.875rem + ((1vw - 3.2px) * 0.392), 18px);\"><strong>Sobre a Higi Quick<\/strong><\/p>\n\n\n\n<p style=\"font-size:clamp(14px, 0.875rem + ((1vw - 3.2px) * 0.392), 18px);\">A Higi Quick \u00e9 uma empresa especializada em higieniza\u00e7\u00e3o e impermeabiliza\u00e7\u00e3o de estofados em geral, oferecendo solu\u00e7\u00f5es pr\u00e1ticas e eficientes para manter o seu ambiente sempre limpo e seguro. Com um compromisso com a excel\u00eancia, a Higi Quick se destaca pelo atendimento personalizado, focando nas necessidades espec\u00edficas de cada cliente para garantir resultados excepcionais e a satisfa\u00e7\u00e3o total.<\/p>\n\n\n\n<p style=\"font-size:clamp(14px, 0.875rem + ((1vw - 3.2px) * 0.392), 18px);\">Nosso time de profissionais altamente qualificados utiliza equipamentos de \u00faltima gera\u00e7\u00e3o e produtos de qualidade para proporcionar uma limpeza profunda e a m\u00e1xima prote\u00e7\u00e3o para os seus estofados. Seja para a sua casa, escrit\u00f3rio ou qualquer outro espa\u00e7o, trabalhamos com precis\u00e3o e cuidado para renovar seus estofados, prolongando sua durabilidade e preservando o seu aspecto original.<\/p>\n\n\n\n<p style=\"font-size:clamp(14px, 0.875rem + ((1vw - 3.2px) * 0.392), 18px);\"><\/p>\n\n\n\n<p><\/p>\n","protected":false},"excerpt":{"rendered":"<p>Sobre a Higi Quick A Higi Quick \u00e9 uma empresa especializada em higieniza\u00e7\u00e3o e impermeabiliza\u00e7\u00e3o de estofados em geral, oferecendo solu\u00e7\u00f5es pr\u00e1ticas e eficientes para manter o seu ambiente sempre limpo e seguro. Com um compromisso com a excel\u00eancia, a Higi Quick se destaca pelo atendimento personalizado, focando nas necessidades espec\u00edficas de cada cliente para [&hellip;]<\/p>\n","protected":false},"author":1,"featured_media":0,"parent":0,"menu_order":1,"comment_status":"closed","ping_status":"closed","template":"","meta":{"saved_in_kubio":false,"footnotes":""},"class_list":["post-16","page","type-page","status-publish","hentry"],"kubio_ai_page_context":{"short_desc":"","purpose":"general"},"_links":{"self":[{"href":"https:\/\/higiquick.com.br\/index.php?rest_route=\/wp\/v2\/pages\/16","targetHints":{"allow":["GET"]}}],"collection":[{"href":"https:\/\/higiquick.com.br\/index.php?rest_route=\/wp\/v2\/pages"}],"about":[{"href":"https:\/\/higiquick.com.br\/index.php?rest_route=\/wp\/v2\/types\/page"}],"author":[{"embeddable":true,"href":"https:\/\/higiquick.com.br\/index.php?rest_route=\/wp\/v2\/users\/1"}],"replies":[{"embeddable":true,"href":"https:\/\/higiquick.com.br\/index.php?rest_route=%2Fwp%2Fv2%2Fcomments&post=16"}],"version-history":[{"count":0,"href":"https:\/\/higiquick.com.br\/index.php?rest_route=\/wp\/v2\/pages\/16\/revisions"}],"wp:attachment":[{"href":"https:\/\/higiquick.com.br\/index.php?rest_route=%2Fwp%2Fv2%2Fmedia&parent=16"}],"curies":[{"name":"wp","href":"https:\/\/api.w.org\/{rel}","templated":true}]}}